{"id":6155,"date":"2023-11-05T07:32:38","date_gmt":"2023-11-05T07:32:38","guid":{"rendered":"https:\/\/jahanseirtarabar.com\/%d8%ae%d8%af%d9%85%d8%a7%d8%aa\/ithalat\/"},"modified":"2023-12-11T07:54:00","modified_gmt":"2023-12-11T07:54:00","slug":"ithalat","status":"publish","type":"page","link":"https:\/\/jahanseirtarabar.com\/tr\/ithalat\/","title":{"rendered":"\u0130thalat"},"content":{"rendered":"\t\t<div data-elementor-type=\"wp-page\" data-elementor-id=\"6155\" class=\"elementor elementor-6155\">\n\t\t\t\t\t\t\t<div class=\"elementor-element elementor-element-c42ca17 e-flex e-con-boxed e-con e-parent\" data-id=\"c42ca17\" data-element_type=\"container\" data-settings=\"{&quot;content_width&quot;:&quot;boxed&quot;}\" data-core-v316-plus=\"true\">\n\t\t\t\t\t<div class=\"e-con-inner\">\n\t\t<div class=\"elementor-element elementor-element-fb59c7b e-flex e-con-boxed e-con e-child\" data-id=\"fb59c7b\" data-element_type=\"container\" data-settings=\"{&quot;content_width&quot;:&quot;boxed&quot;}\">\n\t\t\t\t\t<div class=\"e-con-inner\">\n\t\t<div class=\"elementor-element elementor-element-25c8ef2 e-con-full e-flex e-con e-child\" data-id=\"25c8ef2\" data-element_type=\"container\" data-settings=\"{&quot;content_width&quot;:&quot;full&quot;,&quot;background_background&quot;:&quot;classic&quot;}\">\n\t\t\t\t<div class=\"elementor-element elementor-element-bb4a0cc elementor-widget elementor-widget-heading\" data-id=\"bb4a0cc\" data-element_type=\"widget\" data-widget_type=\"heading.default\">\n\t\t\t\t<div class=\"elementor-widget-container\">\n\t\t\t<style>\/*! elementor - v3.17.0 - 01-11-2023 *\/\n.elementor-heading-title{padding:0;margin:0;line-height:1}.elementor-widget-heading .elementor-heading-title[class*=elementor-size-]>a{color:inherit;font-size:inherit;line-height:inherit}.elementor-widget-heading .elementor-heading-title.elementor-size-small{font-size:15px}.elementor-widget-heading .elementor-heading-title.elementor-size-medium{font-size:19px}.elementor-widget-heading .elementor-heading-title.elementor-size-large{font-size:29px}.elementor-widget-heading .elementor-heading-title.elementor-size-xl{font-size:39px}.elementor-widget-heading .elementor-heading-title.elementor-size-xxl{font-size:59px}<\/style><h2 class=\"elementor-heading-title elementor-size-default\">i\u00e7e aktarmak<\/h2>\t\t<\/div>\n\t\t\t\t<\/div>\n\t\t\t\t<div class=\"elementor-element elementor-element-b95d724 elementor-widget__width-initial elementor-widget elementor-widget-cz_free_line\" data-id=\"b95d724\" data-element_type=\"widget\" data-widget_type=\"cz_free_line.default\">\n\t\t\t\t<div class=\"elementor-widget-container\">\n\t\t\t\t\t<div class=\"relative\">\r\n\t\t\t<div  class=\"cz_line tal\"><\/div>\r\n\t\t<\/div>\r\n\t\t<div class=\"clr\"><\/div>\r\n\t\t\t\t<\/div>\n\t\t\t\t<\/div>\n\t\t\t\t<div class=\"elementor-element elementor-element-26caac4 elementor-widget elementor-widget-text-editor\" data-id=\"26caac4\" data-element_type=\"widget\" data-widget_type=\"text-editor.default\">\n\t\t\t\t<div class=\"elementor-widget-container\">\n\t\t\t<style>\/*! elementor - v3.17.0 - 01-11-2023 *\/\n.elementor-widget-text-editor.elementor-drop-cap-view-stacked .elementor-drop-cap{background-color:#69727d;color:#fff}.elementor-widget-text-editor.elementor-drop-cap-view-framed .elementor-drop-cap{color:#69727d;border:3px solid;background-color:transparent}.elementor-widget-text-editor:not(.elementor-drop-cap-view-default) .elementor-drop-cap{margin-top:8px}.elementor-widget-text-editor:not(.elementor-drop-cap-view-default) .elementor-drop-cap-letter{width:1em;height:1em}.elementor-widget-text-editor .elementor-drop-cap{float:right;text-align:center;line-height:1;font-size:50px}.elementor-widget-text-editor .elementor-drop-cap-letter{display:inline-block}<\/style>\t\t\t\t<p>\u0130thalat, mal ve hizmetlerin ba\u015fka bir \u00fclkeden var\u0131\u015f \u00fclkesine ula\u015fmas\u0131 anlam\u0131na gelir. Bu s\u00fcre\u00e7 uluslararas\u0131 ticarette ve k\u00fcresel ekonomide \u00f6nemli fakt\u00f6rlerden biri olarak kabul edilmektedir. \u0130thalat, t\u00fcketim mallar\u0131, makine, yak\u0131t, hammadde, end\u00fcstriyel ekipman ve \u00e7e\u015fitli hizmetler gibi \u00e7e\u015fitli \u00fcr\u00fcnleri kapsayabilir.<\/p><p>\u0130thalat\u0131n en \u00f6nemli nedeni yurt i\u00e7i ihtiya\u00e7lar\u0131n kar\u015f\u0131lanmas\u0131d\u0131r. \u00dclkeler yerli \u00fcretimin yetersiz olmas\u0131, baz\u0131 mallar\u0131n \u00fcretilememesi, teknoloji ve bilgi birikiminin ithal edilmesi ihtiyac\u0131 gibi nedenlerle ithalat yapabilmektedir. Ayr\u0131ca i\u00e7 pazar\u0131 \u00e7e\u015fitlendirmek ve t\u00fcketicilere kaliteli \u00fcr\u00fcnleri uygun fiyatlarla sunmak amac\u0131yla ithalat da yap\u0131labilmektedir.<\/p>\t\t\t\t\t\t<\/div>\n\t\t\t\t<\/div>\n\t\t\t\t<\/div>\n\t\t<div class=\"elementor-element elementor-element-a7ca387 e-con-full e-flex e-con e-child\" data-id=\"a7ca387\" data-element_type=\"container\" data-settings=\"{&quot;content_width&quot;:&quot;full&quot;}\">\n\t\t\t\t<div class=\"elementor-element elementor-element-730e8de elementor-widget elementor-widget-image\" data-id=\"730e8de\" data-element_type=\"widget\" data-widget_type=\"image.default\">\n\t\t\t\t<div class=\"elementor-widget-container\">\n\t\t\t<style>\/*! elementor - v3.17.0 - 01-11-2023 *\/\n.elementor-widget-image{text-align:center}.elementor-widget-image a{display:inline-block}.elementor-widget-image a img[src$=\".svg\"]{width:48px}.elementor-widget-image img{vertical-align:middle;display:inline-block}<\/style>\t\t\t\t\t\t\t\t\t\t\t\t<img decoding=\"async\" src=\"data:image\/svg+xml,%3Csvg%20xmlns%3D&#39;http%3A%2F%2Fwww.w3.org%2F2000%2Fsvg&#39;%20width=&#39;_w_&#39;%20height=&#39;_h_&#39;%20viewBox%3D&#39;0%200%20_w_%20_h_&#39;%2F%3E\" data-czlz data-src=\"https:\/\/jahanseirtarabar.com\/wp-content\/uploads\/2023\/11\/\u062a\u0631\u0627\u0646\u0632\u06cc\u062a-600x450.jpg\" title=\"\u062a\u0631\u0627\u0646\u0632\u06cc\u062a\" alt=\"\u062a\u0631\u0627\u0646\u0632\u06cc\u062a\" loading=\"lazy\" \/>\t\t\t\t\t\t\t\t\t\t\t\t\t\t\t<\/div>\n\t\t\t\t<\/div>\n\t\t\t\t<\/div>\n\t\t\t\t\t<\/div>\n\t\t\t\t<\/div>\n\t\t\t\t\t<\/div>\n\t\t\t\t<\/div>\n\t\t<div class=\"elementor-element elementor-element-9f8b99f e-flex e-con-boxed e-con e-parent\" data-id=\"9f8b99f\" data-element_type=\"container\" data-settings=\"{&quot;content_width&quot;:&quot;boxed&quot;}\" data-core-v316-plus=\"true\">\n\t\t\t\t\t<div class=\"e-con-inner\">\n\t\t\t\t<div class=\"elementor-element elementor-element-61e5e34 elementor-widget elementor-widget-icon-box\" data-id=\"61e5e34\" data-element_type=\"widget\" data-widget_type=\"icon-box.default\">\n\t\t\t\t<div class=\"elementor-widget-container\">\n\t\t\t<link rel=\"stylesheet\" href=\"https:\/\/jahanseirtarabar.com\/wp-content\/plugins\/elementor\/assets\/css\/widget-icon-box-rtl.min.css\">\t\t<div class=\"elementor-icon-box-wrapper\">\n\t\t\t\t\t\t<div class=\"elementor-icon-box-content\">\n\t\t\t\t<h3 class=\"elementor-icon-box-title\">\n\t\t\t\t\t<span  >\n\t\t\t\t\t\t\u0130thalat hizmeti nas\u0131ld\u0131r?\t\t\t\t\t<\/span>\n\t\t\t\t<\/h3>\n\t\t\t\t\t\t\t<\/div>\n\t\t<\/div>\n\t\t\t\t<\/div>\n\t\t\t\t<\/div>\n\t\t\t\t\t<\/div>\n\t\t\t\t<\/div>\n\t\t\t\t<section class=\"elementor-section elementor-top-section elementor-element elementor-element-79325809 elementor-section-stretched elementor-section-boxed elementor-section-height-default elementor-section-height-default\" data-id=\"79325809\" data-element_type=\"section\" data-settings=\"{&quot;stretch_section&quot;:&quot;section-stretched&quot;,&quot;background_background&quot;:&quot;classic&quot;}\">\n\t\t\t\t\t\t<div class=\"elementor-container elementor-column-gap-default\">\n\t\t\t\t\t<div class=\"elementor-column elementor-col-100 elementor-top-column elementor-element elementor-element-1183dc03\" data-id=\"1183dc03\" data-element_type=\"column\">\n\t\t\t<div class=\"elementor-widget-wrap elementor-element-populated\">\n\t\t\t\t\t\t\t\t<section class=\"elementor-section elementor-inner-section elementor-element elementor-element-20fdee74 elementor-section-boxed elementor-section-height-default elementor-section-height-default\" data-id=\"20fdee74\" data-element_type=\"section\">\n\t\t\t\t\t\t<div class=\"elementor-container elementor-column-gap-default\">\n\t\t\t\t\t<div class=\"elementor-column elementor-col-33 elementor-inner-column elementor-element elementor-element-65bbe44\" data-id=\"65bbe44\" data-element_type=\"column\">\n\t\t\t<div class=\"elementor-widget-wrap elementor-element-populated\">\n\t\t\t\t\t\t\t\t<div class=\"elementor-element elementor-element-4151e8 elementor-widget elementor-widget-cz_social_icons\" data-id=\"4151e8\" data-element_type=\"widget\" data-widget_type=\"cz_social_icons.default\">\n\t\t\t\t<div class=\"elementor-widget-container\">\n\t\t\t\t\t\t<div class=\"cz_social_icons cz_social clr tac cz_social_colored_bg_hover\"><a><i class=\"fas fa-blender\"><\/i><\/a><\/div>\r\n\t\t\t\t<\/div>\n\t\t\t\t<\/div>\n\t\t\t\t<div class=\"elementor-element elementor-element-61f72363 elementor-widget elementor-widget-cz_service_box\" data-id=\"61f72363\" data-element_type=\"widget\" data-widget_type=\"cz_service_box.default\">\n\t\t\t\t<div class=\"elementor-widget-container\">\n\t\t\t<div class=\"services clr style1 services_b\"><div class=\"service_custom\"><\/div><div class=\"service_text\"><h3>Ev Aletleri<\/h3><div class=\"cz_wpe_content\"><p style=\"text-align: justify;\">Ev aletleri ithalat\u0131, buzdolab\u0131, televizyon,\n\u00e7ama\u015f\u0131r makinesi, bula\u015f\u0131k makinesi vb. mal ve cihazlar\u0131n ithalat\u0131n\u0131 i\u00e7ermektedir. Ev aletleri ithal etmek i\u00e7in \u015firketler ve ma\u011fazalar genellikle yabanc\u0131 tedarik\u00e7ilerle ileti\u015fime ge\u00e7er ve fiyatland\u0131rma, sat\u0131\u015f ko\u015fullar\u0131 ve mallar\u0131n teslimat\u0131 konusunda pazarl\u0131k yapar.<\/p>\n<\/div><\/div><\/div>\t\t<\/div>\n\t\t\t\t<\/div>\n\t\t\t\t\t<\/div>\n\t\t<\/div>\n\t\t\t\t<div class=\"elementor-column elementor-col-33 elementor-inner-column elementor-element elementor-element-452cffbf\" data-id=\"452cffbf\" data-element_type=\"column\">\n\t\t\t<div class=\"elementor-widget-wrap elementor-element-populated\">\n\t\t\t\t\t\t\t\t<div class=\"elementor-element elementor-element-474dfc08 elementor-widget elementor-widget-cz_social_icons\" data-id=\"474dfc08\" data-element_type=\"widget\" data-widget_type=\"cz_social_icons.default\">\n\t\t\t\t<div class=\"elementor-widget-container\">\n\t\t\t\t\t\t<div class=\"cz_social_icons cz_social clr tac cz_social_colored_bg_hover\"><a><i class=\"fas fa-truck-monster\"><\/i><\/a><\/div>\r\n\t\t\t\t<\/div>\n\t\t\t\t<\/div>\n\t\t\t\t<div class=\"elementor-element elementor-element-a6fbf04 elementor-widget elementor-widget-cz_service_box\" data-id=\"a6fbf04\" data-element_type=\"widget\" data-widget_type=\"cz_service_box.default\">\n\t\t\t\t<div class=\"elementor-widget-container\">\n\t\t\t<div class=\"services clr style1 services_b\"><div class=\"service_custom\"><\/div><div class=\"service_text\"><h3>A\u011f\u0131r Makinalar<\/h3><div class=\"cz_wpe_content\"><p style=\"text-align: justify;\">Bu ithalat, madencilik, in\u015faat, yol\nin\u015faat\u0131, ula\u015ft\u0131rma ve di\u011fer ilgili end\u00fcstriler gibi a\u011f\u0131r sanayilerde kullan\u0131lan makine ve ekipmanlar\u0131 i\u00e7ermektedir. Bu makineler aras\u0131nda ekskavat\u00f6rler, buldozerler, vin\u00e7ler, y\u00fckleyiciler, beton kar\u0131\u015ft\u0131r\u0131c\u0131lar\u0131, beton pompalar\u0131, a\u011f\u0131r kamyonlar ve di\u011fer ekipmanlar bulunabilir.<\/p><\/div><\/div><\/div>\t\t<\/div>\n\t\t\t\t<\/div>\n\t\t\t\t\t<\/div>\n\t\t<\/div>\n\t\t\t\t<div class=\"elementor-column elementor-col-33 elementor-inner-column elementor-element elementor-element-2c126c9a\" data-id=\"2c126c9a\" data-element_type=\"column\">\n\t\t\t<div class=\"elementor-widget-wrap elementor-element-populated\">\n\t\t\t\t\t\t\t\t<div class=\"elementor-element elementor-element-5071cbf4 elementor-widget elementor-widget-cz_social_icons\" data-id=\"5071cbf4\" data-element_type=\"widget\" data-widget_type=\"cz_social_icons.default\">\n\t\t\t\t<div class=\"elementor-widget-container\">\n\t\t\t\t\t\t<div class=\"cz_social_icons cz_social clr tac cz_social_colored_bg_hover\"><a><i class=\"fas fa-truck-pickup\"><\/i><\/a><\/div>\r\n\t\t\t\t<\/div>\n\t\t\t\t<\/div>\n\t\t\t\t<div class=\"elementor-element elementor-element-264011e2 elementor-widget elementor-widget-cz_service_box\" data-id=\"264011e2\" data-element_type=\"widget\" data-widget_type=\"cz_service_box.default\">\n\t\t\t\t<div class=\"elementor-widget-container\">\n\t\t\t<div class=\"services clr style1 services_b\"><div class=\"service_custom\"><\/div><div class=\"service_text\"><h3>makineler<\/h3><div class=\"cz_wpe_content\"><p style=\"text-align: justify;\">Makine ithalat\u0131, her t\u00fcrl\u00fc makine ve\nsanayi te\u00e7hizat\u0131n\u0131n bir \u00fclkeye giri\u015fini kapsamaktad\u0131r. Bu makineler imalat, in\u015faat, tar\u0131m, otomotiv, elektronik ve di\u011fer end\u00fcstriler gibi \u00e7e\u015fitli end\u00fcstrilerde kullan\u0131labilir. Makine ithalat\u0131 genellikle \u00fclkelerin \u00fcretim ve sanayi ihtiya\u00e7lar\u0131n\u0131 d\u0131\u015f pazarlardan kar\u015f\u0131lamak amac\u0131yla yap\u0131lmaktad\u0131r.<\/p><\/div><\/div><\/div>\t\t<\/div>\n\t\t\t\t<\/div>\n\t\t\t\t\t<\/div>\n\t\t<\/div>\n\t\t\t\t\t\t\t<\/div>\n\t\t<\/section>\n\t\t\t\t\t<\/div>\n\t\t<\/div>\n\t\t\t\t\t\t\t<\/div>\n\t\t<\/section>\n\t\t\t\t<section class=\"elementor-section elementor-top-section elementor-element elementor-element-f8bae91 elementor-section-stretched elementor-section-boxed elementor-section-height-default elementor-section-height-default\" data-id=\"f8bae91\" data-element_type=\"section\" data-settings=\"{&quot;stretch_section&quot;:&quot;section-stretched&quot;,&quot;background_background&quot;:&quot;classic&quot;}\">\n\t\t\t\t\t\t<div class=\"elementor-container elementor-column-gap-default\">\n\t\t\t\t\t<div class=\"elementor-column elementor-col-100 elementor-top-column elementor-element elementor-element-cdc3add\" data-id=\"cdc3add\" data-element_type=\"column\">\n\t\t\t<div class=\"elementor-widget-wrap elementor-element-populated\">\n\t\t\t\t\t\t\t\t<section class=\"elementor-section elementor-inner-section elementor-element elementor-element-9ad9b35 elementor-section-boxed elementor-section-height-default elementor-section-height-default\" data-id=\"9ad9b35\" data-element_type=\"section\">\n\t\t\t\t\t\t<div class=\"elementor-container elementor-column-gap-default\">\n\t\t\t\t\t<div class=\"elementor-column elementor-col-33 elementor-inner-column elementor-element elementor-element-6842da7\" data-id=\"6842da7\" data-element_type=\"column\">\n\t\t\t<div class=\"elementor-widget-wrap elementor-element-populated\">\n\t\t\t\t\t\t\t\t<div class=\"elementor-element elementor-element-852ed4e elementor-widget elementor-widget-cz_social_icons\" data-id=\"852ed4e\" data-element_type=\"widget\" data-widget_type=\"cz_social_icons.default\">\n\t\t\t\t<div class=\"elementor-widget-container\">\n\t\t\t\t\t\t<div class=\"cz_social_icons cz_social clr tac cz_social_colored_bg_hover\"><a><i class=\"fas fa-truck-moving\"><\/i><\/a><\/div>\r\n\t\t\t\t<\/div>\n\t\t\t\t<\/div>\n\t\t\t\t<div class=\"elementor-element elementor-element-97b408f elementor-widget elementor-widget-cz_service_box\" data-id=\"97b408f\" data-element_type=\"widget\" data-widget_type=\"cz_service_box.default\">\n\t\t\t\t<div class=\"elementor-widget-container\">\n\t\t\t<div class=\"services clr style1 services_b\"><div class=\"service_custom\"><\/div><div class=\"service_text\"><h3>s\u00fcr\u00fckleyici<\/h3><div class=\"cz_wpe_content\"><p style=\"text-align: justify;\">Trakt\u00f6r veya a\u011f\u0131r kamyon ithalat\u0131, her\nt\u00fcrl\u00fc a\u011f\u0131r nakliye arac\u0131n\u0131n bir \u00fclkeye giri\u015fini kapsamaktad\u0131r. Bu ara\u00e7lar genellikle konteyner, in\u015faat malzemeleri, g\u0131da, petrol \u00fcr\u00fcnleri ve di\u011fer a\u011f\u0131r y\u00fckler gibi a\u011f\u0131r ve b\u00fcy\u00fck y\u00fckleri ta\u015f\u0131mak i\u00e7in kullan\u0131l\u0131r. Katiller d\u0131\u015f pazarlardan \u00fclkelere ithal ediliyor.<\/p>\n<\/div><\/div><\/div>\t\t<\/div>\n\t\t\t\t<\/div>\n\t\t\t\t\t<\/div>\n\t\t<\/div>\n\t\t\t\t<div class=\"elementor-column elementor-col-33 elementor-inner-column elementor-element elementor-element-5a7afc9\" data-id=\"5a7afc9\" data-element_type=\"column\">\n\t\t\t<div class=\"elementor-widget-wrap elementor-element-populated\">\n\t\t\t\t\t\t\t\t<div class=\"elementor-element elementor-element-72a9317 elementor-widget elementor-widget-cz_social_icons\" data-id=\"72a9317\" data-element_type=\"widget\" data-widget_type=\"cz_social_icons.default\">\n\t\t\t\t<div class=\"elementor-widget-container\">\n\t\t\t\t\t\t<div class=\"cz_social_icons cz_social clr tac cz_social_colored_bg_hover\"><a><i class=\"fas fa-pepper-hot\"><\/i><\/a><\/div>\r\n\t\t\t\t<\/div>\n\t\t\t\t<\/div>\n\t\t\t\t<div class=\"elementor-element elementor-element-bf53132 elementor-widget elementor-widget-cz_service_box\" data-id=\"bf53132\" data-element_type=\"widget\" data-widget_type=\"cz_service_box.default\">\n\t\t\t\t<div class=\"elementor-widget-container\">\n\t\t\t<div class=\"services clr style1 services_b\"><div class=\"service_custom\"><\/div><div class=\"service_text\"><h3>Yiyecek ve yenilebilir yiyecekler<\/h3><div class=\"cz_wpe_content\"><p style=\"text-align: justify;\">G\u0131da ve yenilebilir ithalat, g\u0131da \u00fcr\u00fcnleri\n ve g\u0131da end\u00fcstrisinde kullan\u0131lan hammaddelerin bir \u00fclkeden di\u011ferine ithalat\u0131n\u0131 i\u00e7ermektedir. Bu malzemeler aras\u0131nda tar\u0131m \u00fcr\u00fcnleri, hayvanc\u0131l\u0131k \u00fcr\u00fcnleri, deniz \u00fcr\u00fcnleri, i\u015flenmi\u015f g\u0131da \u00fcr\u00fcnleri ve g\u0131da \u00fcretiminde kullan\u0131lan di\u011fer malzemeler yer almaktad\u0131r.<\/p>\n<\/div><\/div><\/div>\t\t<\/div>\n\t\t\t\t<\/div>\n\t\t\t\t\t<\/div>\n\t\t<\/div>\n\t\t\t\t<div class=\"elementor-column elementor-col-33 elementor-inner-column elementor-element elementor-element-768caf7\" data-id=\"768caf7\" data-element_type=\"column\">\n\t\t\t<div class=\"elementor-widget-wrap\">\n\t\t\t\t\t\t\t\t\t<\/div>\n\t\t<\/div>\n\t\t\t\t\t\t\t<\/div>\n\t\t<\/section>\n\t\t\t\t\t<\/div>\n\t\t<\/div>\n\t\t\t\t\t\t\t<\/div>\n\t\t<\/section>\n\t\t<div class=\"elementor-element elementor-element-9a6bcc4 e-flex e-con-boxed e-con e-parent\" data-id=\"9a6bcc4\" data-element_type=\"container\" data-settings=\"{&quot;content_width&quot;:&quot;boxed&quot;}\" data-core-v316-plus=\"true\">\n\t\t\t\t\t<div class=\"e-con-inner\">\n\t\t\t\t<div class=\"elementor-element elementor-element-7c745bf elementor-widget elementor-widget-cz_title\" data-id=\"7c745bf\" data-element_type=\"widget\" data-widget_type=\"cz_title.default\">\n\t\t\t\t<div class=\"elementor-widget-container\">\n\t\t\t\t\r\n\t\t<div>\r\n\t\t\t<div class=\"cz_title clr cz_smart_fs cz_title_pos_inline\"><div class=\"cz_title_content\"><span class=\"cz_line_side_solo\">_<\/span><div class=\"cz_wpe_content\"><h3>\u0130thalat talep formu<\/h3>\n<\/div><span class=\"cz_line_side_solo cz_line_side_after\">_<\/span><\/div><\/div>\r\n\t\t<\/div>\r\n\t\t\r\n\t\t\t\t<\/div>\n\t\t\t\t<\/div>\n\t\t\t\t\t<\/div>\n\t\t\t\t<\/div>\n\t\t<div class=\"elementor-element elementor-element-e57ed6b e-flex e-con-boxed e-con e-parent\" data-id=\"e57ed6b\" data-element_type=\"container\" data-settings=\"{&quot;content_width&quot;:&quot;boxed&quot;}\" data-core-v316-plus=\"true\">\n\t\t\t\t\t<div class=\"e-con-inner\">\n\t\t\t\t<div class=\"elementor-element elementor-element-b067c09 elementor-widget elementor-widget-cz_contact_form_7\" data-id=\"b067c09\" data-element_type=\"widget\" data-widget_type=\"cz_contact_form_7.default\">\n\t\t\t\t<div class=\"elementor-widget-container\">\n\t\t\t<div class=\"clr cz_parallax_v_2\">\t\t<div class=\"cz_cf7 clr\">\r\n\t\t\t<div>\n<div class=\"wpcf7 no-js\" id=\"wpcf7-f6071-o1\" lang=\"fa-IR\" dir=\"rtl\" data-wpcf7-id=\"6071\">\n<div class=\"screen-reader-response\"><p role=\"status\" aria-live=\"polite\" aria-atomic=\"true\"><\/p> <ul><\/ul><\/div>\n<form action=\"\/tr\/wp-json\/wp\/v2\/pages\/6155#wpcf7-f6071-o1\" method=\"post\" class=\"wpcf7-form init\" aria-label=\"\u0641\u0631\u0645 \u062a\u0645\u0627\u0633\" novalidate=\"novalidate\" data-status=\"init\">\n<fieldset class=\"hidden-fields-container\"><input type=\"hidden\" name=\"_wpcf7\" value=\"6071\" \/><input type=\"hidden\" name=\"_wpcf7_version\" value=\"6.1\" \/><input type=\"hidden\" name=\"_wpcf7_locale\" value=\"fa_IR\" \/><input type=\"hidden\" name=\"_wpcf7_unit_tag\" value=\"wpcf7-f6071-o1\" \/><input type=\"hidden\" name=\"_wpcf7_container_post\" value=\"0\" \/><input type=\"hidden\" name=\"_wpcf7_posted_data_hash\" value=\"\" \/>\n<\/fieldset>\n<p><label> Mesaj\u0131n<br \/>\n<span class=\"wpcf7-form-control-wrap\" data-name=\"your-name\"><input size=\"40\" maxlength=\"400\" class=\"wpcf7-form-control wpcf7-text wpcf7-validates-as-required\" autocomplete=\"name\" aria-required=\"true\" aria-invalid=\"false\" value=\"\" type=\"text\" name=\"your-name\" \/><\/span> <\/label>\n<\/p>\n<p><label> E-posta adresiniz<br \/>\n<span class=\"wpcf7-form-control-wrap\" data-name=\"your-email\"><input size=\"40\" maxlength=\"400\" class=\"wpcf7-form-control wpcf7-email wpcf7-validates-as-required wpcf7-text wpcf7-validates-as-email\" autocomplete=\"email\" aria-required=\"true\" aria-invalid=\"false\" value=\"\" type=\"email\" name=\"your-email\" \/><\/span> <\/label>\n<\/p>\n<p><label> uygulama t\u00fcr\u00fc<br \/>\n<span class=\"wpcf7-form-control-wrap\" data-name=\"menu-178\"><select class=\"wpcf7-form-control wpcf7-select\" aria-invalid=\"false\" name=\"menu-178\"><option value=\"\u0130thalat\">\u0130thalat<\/option><option value=\"ta\u015f\u0131ma\">ta\u015f\u0131ma<\/option><option value=\"\u0130hracat\">\u0130hracat<\/option><option value=\"Dan\u0131\u015fmanl\u0131k\">Dan\u0131\u015fmanl\u0131k<\/option><option value=\"Di\u011fer\">Di\u011fer<\/option><\/select><\/span><br \/>\n<\/label>\n<\/p>\n<p><label> Ders<br \/>\n<span class=\"wpcf7-form-control-wrap\" data-name=\"your-subject\"><input size=\"40\" maxlength=\"400\" class=\"wpcf7-form-control wpcf7-text wpcf7-validates-as-required\" aria-required=\"true\" aria-invalid=\"false\" value=\"\" type=\"text\" name=\"your-subject\" \/><\/span> <\/label>\n<\/p>\n<p><label> Mesaj\u0131n<br \/>\n<span class=\"wpcf7-form-control-wrap\" data-name=\"your-message\"><textarea cols=\"40\" rows=\"10\" maxlength=\"2000\" class=\"wpcf7-form-control wpcf7-textarea wpcf7-validates-as-required\" aria-required=\"true\" aria-invalid=\"false\" name=\"your-message\"><\/textarea><\/span> <\/label>\n<\/p>\n<p><input class=\"wpcf7-form-control wpcf7-submit has-spinner\" type=\"submit\" value=\"G\u00f6ndermek\" \/>\n<\/p><div class=\"wpcf7-response-output\" aria-hidden=\"true\"><\/div>\n<\/form>\n<\/div>\n<\/div>\r\n\t\t<\/div>\r\n\t\t<\/div>\t\t<\/div>\n\t\t\t\t<\/div>\n\t\t\t\t\t<\/div>\n\t\t\t\t<\/div>\n\t\t\t\t\t\t\t<\/div>\n\t\t","protected":false},"excerpt":{"rendered":"<p>i\u00e7e aktarmak \u0130thalat, mal ve hizmetlerin ba\u015fka bir \u00fclkeden var\u0131\u015f \u00fclkesine &#8230; <\/p>\n","protected":false},"author":7,"featured_media":0,"parent":0,"menu_order":0,"comment_status":"closed","ping_status":"closed","template":"","meta":{"footnotes":""},"class_list":["post-6155","page","type-page","status-publish","hentry"],"aioseo_notices":[],"_links":{"self":[{"href":"https:\/\/jahanseirtarabar.com\/tr\/wp-json\/wp\/v2\/pages\/6155","targetHints":{"allow":["GET"]}}],"collection":[{"href":"https:\/\/jahanseirtarabar.com\/tr\/wp-json\/wp\/v2\/pages"}],"about":[{"href":"https:\/\/jahanseirtarabar.com\/tr\/wp-json\/wp\/v2\/types\/page"}],"author":[{"embeddable":true,"href":"https:\/\/jahanseirtarabar.com\/tr\/wp-json\/wp\/v2\/users\/7"}],"replies":[{"embeddable":true,"href":"https:\/\/jahanseirtarabar.com\/tr\/wp-json\/wp\/v2\/comments?post=6155"}],"version-history":[{"count":56,"href":"https:\/\/jahanseirtarabar.com\/tr\/wp-json\/wp\/v2\/pages\/6155\/revisions"}],"predecessor-version":[{"id":10199,"href":"https:\/\/jahanseirtarabar.com\/tr\/wp-json\/wp\/v2\/pages\/6155\/revisions\/10199"}],"wp:attachment":[{"href":"https:\/\/jahanseirtarabar.com\/tr\/wp-json\/wp\/v2\/media?parent=6155"}],"curies":[{"name":"wp","href":"https:\/\/api.w.org\/{rel}","templated":true}]}}