{"id":6150,"date":"2023-11-05T07:31:57","date_gmt":"2023-11-05T07:31:57","guid":{"rendered":"https:\/\/jahanseirtarabar.com\/%d8%ae%d8%af%d9%85%d8%a7%d8%aa\/ihracat\/"},"modified":"2023-12-11T07:03:25","modified_gmt":"2023-12-11T07:03:25","slug":"ihracat","status":"publish","type":"page","link":"https:\/\/jahanseirtarabar.com\/tr\/ihracat\/","title":{"rendered":"\u0130hracat"},"content":{"rendered":"\t\t<div data-elementor-type=\"wp-page\" data-elementor-id=\"6150\" class=\"elementor elementor-6150\">\n\t\t\t\t\t\t\t<div class=\"elementor-element elementor-element-43ed845 e-flex e-con-boxed e-con e-parent\" data-id=\"43ed845\" data-element_type=\"container\" data-settings=\"{&quot;content_width&quot;:&quot;boxed&quot;}\" data-core-v316-plus=\"true\">\n\t\t\t\t\t<div class=\"e-con-inner\">\n\t\t<div class=\"elementor-element elementor-element-3b2945c e-con-full e-flex e-con e-child\" data-id=\"3b2945c\" data-element_type=\"container\" data-settings=\"{&quot;content_width&quot;:&quot;full&quot;,&quot;background_background&quot;:&quot;classic&quot;}\">\n\t\t\t\t<div class=\"elementor-element elementor-element-a03369b elementor-widget elementor-widget-heading\" data-id=\"a03369b\" data-element_type=\"widget\" data-widget_type=\"heading.default\">\n\t\t\t\t<div class=\"elementor-widget-container\">\n\t\t\t<style>\/*! elementor - v3.17.0 - 01-11-2023 *\/\n.elementor-heading-title{padding:0;margin:0;line-height:1}.elementor-widget-heading .elementor-heading-title[class*=elementor-size-]>a{color:inherit;font-size:inherit;line-height:inherit}.elementor-widget-heading .elementor-heading-title.elementor-size-small{font-size:15px}.elementor-widget-heading .elementor-heading-title.elementor-size-medium{font-size:19px}.elementor-widget-heading .elementor-heading-title.elementor-size-large{font-size:29px}.elementor-widget-heading .elementor-heading-title.elementor-size-xl{font-size:39px}.elementor-widget-heading .elementor-heading-title.elementor-size-xxl{font-size:59px}<\/style><h2 class=\"elementor-heading-title elementor-size-default\">\u0130hracat<\/h2>\t\t<\/div>\n\t\t\t\t<\/div>\n\t\t\t\t<div class=\"elementor-element elementor-element-a4ff907 elementor-widget__width-initial elementor-widget elementor-widget-cz_free_line\" data-id=\"a4ff907\" data-element_type=\"widget\" data-widget_type=\"cz_free_line.default\">\n\t\t\t\t<div class=\"elementor-widget-container\">\n\t\t\t\t\t<div class=\"relative\">\r\n\t\t\t<div  class=\"cz_line tal\"><\/div>\r\n\t\t<\/div>\r\n\t\t<div class=\"clr\"><\/div>\r\n\t\t\t\t<\/div>\n\t\t\t\t<\/div>\n\t\t\t\t<div class=\"elementor-element elementor-element-1dd44c3 elementor-widget elementor-widget-text-editor\" data-id=\"1dd44c3\" data-element_type=\"widget\" data-widget_type=\"text-editor.default\">\n\t\t\t\t<div class=\"elementor-widget-container\">\n\t\t\t<style>\/*! elementor - v3.17.0 - 01-11-2023 *\/\n.elementor-widget-text-editor.elementor-drop-cap-view-stacked .elementor-drop-cap{background-color:#69727d;color:#fff}.elementor-widget-text-editor.elementor-drop-cap-view-framed .elementor-drop-cap{color:#69727d;border:3px solid;background-color:transparent}.elementor-widget-text-editor:not(.elementor-drop-cap-view-default) .elementor-drop-cap{margin-top:8px}.elementor-widget-text-editor:not(.elementor-drop-cap-view-default) .elementor-drop-cap-letter{width:1em;height:1em}.elementor-widget-text-editor .elementor-drop-cap{float:right;text-align:center;line-height:1;font-size:50px}.elementor-widget-text-editor .elementor-drop-cap-letter{display:inline-block}<\/style>\t\t\t\t<p>\u0130hracat, bir \u00fclkeden di\u011ferine mal ve hizmet satmak anlam\u0131na gelir. Bu s\u00fcre\u00e7 uluslararas\u0131 ticaretin ve k\u00fcresel ekonominin temel fakt\u00f6rlerinden biridir. \u0130hracat, imal edilmi\u015f mallardan, eserlerden, teknik hizmetlerden \u00f6zel hizmetlere, end\u00fcstriyel ekipmanlardan vb. her t\u00fcrl\u00fc \u00fcr\u00fcn\u00fc i\u00e7erebilir.<\/p><p>\u0130hracat\u0131n en \u00f6nemli nedeni uluslararas\u0131 pazarlara sat\u0131\u015flar\u0131 art\u0131rmak ve d\u00f6viz kazanmakt\u0131r. \u00dclkeler, yurt i\u00e7i ihtiya\u00e7lar\u0131ndan daha fazlas\u0131n\u0131 \u00fcretme, belirli \u00fcr\u00fcnleri veya ileri teknolojileri sa\u011flayabilme, hedef pazarlar\u0131n\u0131 geni\u015fletme ve daha fazla para kazanma ihtiyac\u0131 gibi nedenlerle ihracata y\u00f6nelebilmektedir. Ayr\u0131ca ihracat, teknoloji al\u0131\u015fveri\u015fine, marka ad\u0131n\u0131n tan\u0131t\u0131lmas\u0131na ve uluslararas\u0131 itibar\u0131n artmas\u0131na yard\u0131mc\u0131 olabilir.<\/p>\t\t\t\t\t\t<\/div>\n\t\t\t\t<\/div>\n\t\t\t\t<\/div>\n\t\t<div class=\"elementor-element elementor-element-f02b789 e-con-full e-flex e-con e-child\" data-id=\"f02b789\" data-element_type=\"container\" data-settings=\"{&quot;content_width&quot;:&quot;full&quot;}\">\n\t\t\t\t<div class=\"elementor-element elementor-element-d9703a6 elementor-widget elementor-widget-image\" data-id=\"d9703a6\" data-element_type=\"widget\" data-widget_type=\"image.default\">\n\t\t\t\t<div class=\"elementor-widget-container\">\n\t\t\t<style>\/*! elementor - v3.17.0 - 01-11-2023 *\/\n.elementor-widget-image{text-align:center}.elementor-widget-image a{display:inline-block}.elementor-widget-image a img[src$=\".svg\"]{width:48px}.elementor-widget-image img{vertical-align:middle;display:inline-block}<\/style>\t\t\t\t\t\t\t\t\t\t\t\t<img decoding=\"async\" src=\"data:image\/svg+xml,%3Csvg%20xmlns%3D&#39;http%3A%2F%2Fwww.w3.org%2F2000%2Fsvg&#39;%20width=&#39;_w_&#39;%20height=&#39;_h_&#39;%20viewBox%3D&#39;0%200%20_w_%20_h_&#39;%2F%3E\" data-czlz data-src=\"https:\/\/jahanseirtarabar.com\/wp-content\/uploads\/2023\/11\/\u062a\u0631\u0627\u0646\u0632\u06cc\u062a-600x450.jpg\" title=\"\u062a\u0631\u0627\u0646\u0632\u06cc\u062a\" alt=\"\u062a\u0631\u0627\u0646\u0632\u06cc\u062a\" loading=\"lazy\" \/>\t\t\t\t\t\t\t\t\t\t\t\t\t\t\t<\/div>\n\t\t\t\t<\/div>\n\t\t\t\t<\/div>\n\t\t\t\t\t<\/div>\n\t\t\t\t<\/div>\n\t\t<div class=\"elementor-element elementor-element-29f0162 e-flex e-con-boxed e-con e-parent\" data-id=\"29f0162\" data-element_type=\"container\" data-settings=\"{&quot;content_width&quot;:&quot;boxed&quot;}\" data-core-v316-plus=\"true\">\n\t\t\t\t\t<div class=\"e-con-inner\">\n\t\t\t\t<div class=\"elementor-element elementor-element-c04950e elementor-widget elementor-widget-icon-box\" data-id=\"c04950e\" data-element_type=\"widget\" data-widget_type=\"icon-box.default\">\n\t\t\t\t<div class=\"elementor-widget-container\">\n\t\t\t<link rel=\"stylesheet\" href=\"https:\/\/jahanseirtarabar.com\/wp-content\/plugins\/elementor\/assets\/css\/widget-icon-box-rtl.min.css\">\t\t<div class=\"elementor-icon-box-wrapper\">\n\t\t\t\t\t\t<div class=\"elementor-icon-box-content\">\n\t\t\t\t<h3 class=\"elementor-icon-box-title\">\n\t\t\t\t\t<span  >\n\t\t\t\t\t\t\u0130hracat hizmeti nas\u0131ld\u0131r?\t\t\t\t\t<\/span>\n\t\t\t\t<\/h3>\n\t\t\t\t\t\t\t<\/div>\n\t\t<\/div>\n\t\t\t\t<\/div>\n\t\t\t\t<\/div>\n\t\t\t\t\t<\/div>\n\t\t\t\t<\/div>\n\t\t\t\t<section class=\"elementor-section elementor-top-section elementor-element elementor-element-361002ec elementor-section-stretched elementor-section-boxed elementor-section-height-default elementor-section-height-default\" data-id=\"361002ec\" data-element_type=\"section\" data-settings=\"{&quot;stretch_section&quot;:&quot;section-stretched&quot;,&quot;background_background&quot;:&quot;classic&quot;}\">\n\t\t\t\t\t\t<div class=\"elementor-container elementor-column-gap-default\">\n\t\t\t\t\t<div class=\"elementor-column elementor-col-100 elementor-top-column elementor-element elementor-element-66e639fc\" data-id=\"66e639fc\" data-element_type=\"column\">\n\t\t\t<div class=\"elementor-widget-wrap elementor-element-populated\">\n\t\t\t\t\t\t\t\t<section class=\"elementor-section elementor-inner-section elementor-element elementor-element-784bdd64 elementor-section-boxed elementor-section-height-default elementor-section-height-default\" data-id=\"784bdd64\" data-element_type=\"section\">\n\t\t\t\t\t\t<div class=\"elementor-container elementor-column-gap-default\">\n\t\t\t\t\t<div class=\"elementor-column elementor-col-33 elementor-inner-column elementor-element elementor-element-38186809\" data-id=\"38186809\" data-element_type=\"column\">\n\t\t\t<div class=\"elementor-widget-wrap elementor-element-populated\">\n\t\t\t\t\t\t\t\t<div class=\"elementor-element elementor-element-199e05dc elementor-widget elementor-widget-cz_social_icons\" data-id=\"199e05dc\" data-element_type=\"widget\" data-widget_type=\"cz_social_icons.default\">\n\t\t\t\t<div class=\"elementor-widget-container\">\n\t\t\t\t\t\t<div class=\"cz_social_icons cz_social clr tac cz_social_colored_bg_hover\"><a><i class=\"fas fa-oil-can\"><\/i><\/a><\/div>\r\n\t\t\t\t<\/div>\n\t\t\t\t<\/div>\n\t\t\t\t<div class=\"elementor-element elementor-element-61034225 elementor-widget elementor-widget-cz_service_box\" data-id=\"61034225\" data-element_type=\"widget\" data-widget_type=\"cz_service_box.default\">\n\t\t\t\t<div class=\"elementor-widget-container\">\n\t\t\t<div class=\"services clr style1 services_b\"><div class=\"service_custom\"><\/div><div class=\"service_text\"><h3>Petrol \u00fcr\u00fcnleri<\/h3><div class=\"cz_wpe_content\"><p style=\"text-align: justify;\">Petrol \u00fcr\u00fcnleri ihracat\u0131, ham petrolden rafine edilen \u00fcr\u00fcnlerin sat\u0131\u015f\u0131n\u0131 i\u00e7ermektedir. Bu rafine edilmi\u015f petrol \u00fcr\u00fcnleri aras\u0131nda benzin, dizel, akaryak\u0131t, dizel, kok ya\u011f\u0131, s\u0131v\u0131la\u015ft\u0131r\u0131lm\u0131\u015f do\u011fal gaz (LNG), amonyak ve di\u011fer petrol \u00fcr\u00fcnleri bulunmaktad\u0131r. Bu operasyon, enerji sekt\u00f6r\u00fcnde ve k\u00fcresel ekonomide \u00f6nemli bir ihracata sahip olup, enerji arz\u0131 ile k\u00fcresel ticaretin dengelenmesine yard\u0131mc\u0131 olmaktad\u0131r.<\/p><\/div><\/div><\/div>\t\t<\/div>\n\t\t\t\t<\/div>\n\t\t\t\t\t<\/div>\n\t\t<\/div>\n\t\t\t\t<div class=\"elementor-column elementor-col-33 elementor-inner-column elementor-element elementor-element-4d87fc25\" data-id=\"4d87fc25\" data-element_type=\"column\">\n\t\t\t<div class=\"elementor-widget-wrap\">\n\t\t\t\t\t\t\t\t\t<\/div>\n\t\t<\/div>\n\t\t\t\t<div class=\"elementor-column elementor-col-33 elementor-inner-column elementor-element elementor-element-7aca2abb\" data-id=\"7aca2abb\" data-element_type=\"column\">\n\t\t\t<div class=\"elementor-widget-wrap\">\n\t\t\t\t\t\t\t\t\t<\/div>\n\t\t<\/div>\n\t\t\t\t\t\t\t<\/div>\n\t\t<\/section>\n\t\t\t\t\t<\/div>\n\t\t<\/div>\n\t\t\t\t\t\t\t<\/div>\n\t\t<\/section>\n\t\t<div class=\"elementor-element elementor-element-6cbe777 e-flex e-con-boxed e-con e-parent\" data-id=\"6cbe777\" data-element_type=\"container\" data-settings=\"{&quot;content_width&quot;:&quot;boxed&quot;}\" data-core-v316-plus=\"true\">\n\t\t\t\t\t<div class=\"e-con-inner\">\n\t\t\t\t<div class=\"elementor-element elementor-element-5f9e141 elementor-widget elementor-widget-cz_title\" data-id=\"5f9e141\" data-element_type=\"widget\" data-widget_type=\"cz_title.default\">\n\t\t\t\t<div class=\"elementor-widget-container\">\n\t\t\t\t\r\n\t\t<div>\r\n\t\t\t<div class=\"cz_title clr cz_smart_fs cz_title_pos_inline\"><div class=\"cz_title_content\"><span class=\"cz_line_side_solo\">_<\/span><div class=\"cz_wpe_content\"><h3>\u0130hracat talep formu<\/h3>\n<\/div><span class=\"cz_line_side_solo cz_line_side_after\">_<\/span><\/div><\/div>\r\n\t\t<\/div>\r\n\t\t\r\n\t\t\t\t<\/div>\n\t\t\t\t<\/div>\n\t\t\t\t<div class=\"elementor-element elementor-element-df364eb elementor-widget elementor-widget-cz_contact_form_7\" data-id=\"df364eb\" data-element_type=\"widget\" data-widget_type=\"cz_contact_form_7.default\">\n\t\t\t\t<div class=\"elementor-widget-container\">\n\t\t\t<div class=\"clr cz_parallax_v_2\">\t\t<div class=\"cz_cf7 clr\">\r\n\t\t\t<div>\n<div class=\"wpcf7 no-js\" id=\"wpcf7-f6076-o1\" lang=\"fa-IR\" dir=\"rtl\" data-wpcf7-id=\"6076\">\n<div class=\"screen-reader-response\"><p role=\"status\" aria-live=\"polite\" aria-atomic=\"true\"><\/p> <ul><\/ul><\/div>\n<form action=\"\/tr\/wp-json\/wp\/v2\/pages\/6150#wpcf7-f6076-o1\" method=\"post\" class=\"wpcf7-form init\" aria-label=\"\u0641\u0631\u0645 \u062a\u0645\u0627\u0633\" novalidate=\"novalidate\" data-status=\"init\">\n<fieldset class=\"hidden-fields-container\"><input type=\"hidden\" name=\"_wpcf7\" value=\"6076\" \/><input type=\"hidden\" name=\"_wpcf7_version\" value=\"6.1\" \/><input type=\"hidden\" name=\"_wpcf7_locale\" value=\"fa_IR\" \/><input type=\"hidden\" name=\"_wpcf7_unit_tag\" value=\"wpcf7-f6076-o1\" \/><input type=\"hidden\" name=\"_wpcf7_container_post\" value=\"0\" \/><input type=\"hidden\" name=\"_wpcf7_posted_data_hash\" value=\"\" \/>\n<\/fieldset>\n<p><label> Mesaj\u0131n<br \/>\n<span class=\"wpcf7-form-control-wrap\" data-name=\"your-name\"><input size=\"40\" maxlength=\"400\" class=\"wpcf7-form-control wpcf7-text wpcf7-validates-as-required\" autocomplete=\"name\" aria-required=\"true\" aria-invalid=\"false\" value=\"\" type=\"text\" name=\"your-name\" \/><\/span> <\/label>\n<\/p>\n<p><label> E-posta adresiniz<br \/>\n<span class=\"wpcf7-form-control-wrap\" data-name=\"your-email\"><input size=\"40\" maxlength=\"400\" class=\"wpcf7-form-control wpcf7-email wpcf7-validates-as-required wpcf7-text wpcf7-validates-as-email\" autocomplete=\"email\" aria-required=\"true\" aria-invalid=\"false\" value=\"\" type=\"email\" name=\"your-email\" \/><\/span> <\/label>\n<\/p>\n<p><label> uygulama t\u00fcr\u00fc<br \/>\n<span class=\"wpcf7-form-control-wrap\" data-name=\"menu-178\"><select class=\"wpcf7-form-control wpcf7-select\" aria-invalid=\"false\" name=\"menu-178\"><option value=\"\u0130thalat\">\u0130thalat<\/option><option value=\"ta\u015f\u0131ma\">ta\u015f\u0131ma<\/option><option value=\"\u0130hracat\">\u0130hracat<\/option><option value=\"Dan\u0131\u015fmanl\u0131k\">Dan\u0131\u015fmanl\u0131k<\/option><option value=\"Di\u011fer\">Di\u011fer<\/option><\/select><\/span><br \/>\n<\/label>\n<\/p>\n<p><label> Ders<br \/>\n<span class=\"wpcf7-form-control-wrap\" data-name=\"your-subject\"><input size=\"40\" maxlength=\"400\" class=\"wpcf7-form-control wpcf7-text wpcf7-validates-as-required\" aria-required=\"true\" aria-invalid=\"false\" value=\"\" type=\"text\" name=\"your-subject\" \/><\/span> <\/label>\n<\/p>\n<p><label> Mesaj\u0131n<br \/>\n<span class=\"wpcf7-form-control-wrap\" data-name=\"your-message\"><textarea cols=\"40\" rows=\"10\" maxlength=\"2000\" class=\"wpcf7-form-control wpcf7-textarea wpcf7-validates-as-required\" aria-required=\"true\" aria-invalid=\"false\" name=\"your-message\"><\/textarea><\/span> <\/label>\n<\/p>\n<p><input class=\"wpcf7-form-control wpcf7-submit has-spinner\" type=\"submit\" value=\"G\u00f6ndermek\" \/>\n<\/p><div class=\"wpcf7-response-output\" aria-hidden=\"true\"><\/div>\n<\/form>\n<\/div>\n<\/div>\r\n\t\t<\/div>\r\n\t\t<\/div>\t\t<\/div>\n\t\t\t\t<\/div>\n\t\t\t\t\t<\/div>\n\t\t\t\t<\/div>\n\t\t\t\t<section class=\"elementor-section elementor-top-section elementor-element elementor-element-69f748f elementor-section-boxed elementor-section-height-default elementor-section-height-default\" data-id=\"69f748f\" data-element_type=\"section\">\n\t\t\t\t\t\t<div class=\"elementor-container elementor-column-gap-default\">\n\t\t\t\t\t<div class=\"elementor-column elementor-col-100 elementor-top-column elementor-element elementor-element-dbb3c9d\" data-id=\"dbb3c9d\" data-element_type=\"column\">\n\t\t\t<div class=\"elementor-widget-wrap elementor-element-populated\">\n\t\t\t\t\t\t\t\t<div class=\"elementor-element elementor-element-2282d92 elementor-widget elementor-widget-cz_gap\" data-id=\"2282d92\" data-element_type=\"widget\" data-widget_type=\"cz_gap.default\">\n\t\t\t\t<div class=\"elementor-widget-container\">\n\t\t\t<div class=\"cz_gap clr\"><\/div>\t\t<\/div>\n\t\t\t\t<\/div>\n\t\t\t\t\t<\/div>\n\t\t<\/div>\n\t\t\t\t\t\t\t<\/div>\n\t\t<\/section>\n\t\t\t\t\t\t\t<\/div>\n\t\t","protected":false},"excerpt":{"rendered":"<p>\u0130hracat \u0130hracat, bir \u00fclkeden di\u011ferine mal ve hizmet satmak anlam\u0131na gelir. &#8230; <\/p>\n","protected":false},"author":7,"featured_media":0,"parent":0,"menu_order":0,"comment_status":"closed","ping_status":"closed","template":"","meta":{"footnotes":""},"class_list":["post-6150","page","type-page","status-publish","hentry"],"aioseo_notices":[],"_links":{"self":[{"href":"https:\/\/jahanseirtarabar.com\/tr\/wp-json\/wp\/v2\/pages\/6150","targetHints":{"allow":["GET"]}}],"collection":[{"href":"https:\/\/jahanseirtarabar.com\/tr\/wp-json\/wp\/v2\/pages"}],"about":[{"href":"https:\/\/jahanseirtarabar.com\/tr\/wp-json\/wp\/v2\/types\/page"}],"author":[{"embeddable":true,"href":"https:\/\/jahanseirtarabar.com\/tr\/wp-json\/wp\/v2\/users\/7"}],"replies":[{"embeddable":true,"href":"https:\/\/jahanseirtarabar.com\/tr\/wp-json\/wp\/v2\/comments?post=6150"}],"version-history":[{"count":56,"href":"https:\/\/jahanseirtarabar.com\/tr\/wp-json\/wp\/v2\/pages\/6150\/revisions"}],"predecessor-version":[{"id":10158,"href":"https:\/\/jahanseirtarabar.com\/tr\/wp-json\/wp\/v2\/pages\/6150\/revisions\/10158"}],"wp:attachment":[{"href":"https:\/\/jahanseirtarabar.com\/tr\/wp-json\/wp\/v2\/media?parent=6150"}],"curies":[{"name":"wp","href":"https:\/\/api.w.org\/{rel}","templated":true}]}}